{"id":141,"date":"2021-09-02T17:57:48","date_gmt":"2021-09-02T17:57:48","guid":{"rendered":"https:\/\/cut-n-seal.com\/fr\/?page_id=141"},"modified":"2025-09-12T18:05:58","modified_gmt":"2025-09-12T18:05:58","slug":"agent-de-preservation-de-bois","status":"publish","type":"page","link":"https:\/\/cut-n-seal.com\/fr\/agent-de-preservation-de-bois\/","title":{"rendered":"Agent de pr\u00e9servation de bois"},"content":{"rendered":"\n<div id=\"information-du-produit\" class=\"wp-block-group product-information\"><div class=\"wp-block-group__inner-container is-layout-flow wp-block-group-is-layout-flow\">\n<div class=\"wp-block-columns is-layout-flex wp-container-core-columns-is-layout-9d6595d7 wp-block-columns-is-layout-flex\">\n<div class=\"wp-block-column is-layout-flow wp-block-column-is-layout-flow\">\n<figure class=\"wp-block-image size-full\"><a href=\"https:\/\/cut-n-seal.com\/wp-content\/uploads\/2021\/09\/Cut-N-Seal-can-jug-1174x1500@2x.png\"><img decoding=\"async\" src=\"https:\/\/cut-n-seal.com\/wp-content\/uploads\/2021\/09\/Cut-N-Seal-can-jug-1174x1500@2x.png\" alt=\"\" class=\"wp-image-341\"\/><\/a><\/figure>\n<\/div>\n\n\n\n<div class=\"wp-block-column is-vertically-aligned-center vertically-centered is-layout-flow wp-block-column-is-layout-flow\">\n<h1 class=\"wp-block-heading\">Information du produit<\/h1>\n\n\n\n<p><strong>Voici le seul agent de pr\u00e9servation du bois \u00e0 support hydrique applicable au pinceau enregistr\u00e9 au Canada.&nbsp;Le nouveau&nbsp;Cut-N-Seal<sup>MD<\/sup>&nbsp;est un agent de pr\u00e9servation \u00e0 appliquer au pinceau, \u00e0 couleur assortie, pour coupes et trous r\u00e9alis\u00e9s dans le bois trait\u00e9 sous pression qui exposent du bois non trait\u00e9.<\/strong><\/p>\n<\/div>\n<\/div>\n<\/div><\/div>\n\n\n\n<div class=\"wp-block-group\"><div class=\"wp-block-group__inner-container is-layout-flow wp-block-group-is-layout-flow\">\n<div class=\"wp-block-columns reverse-mobile is-layout-flex wp-container-core-columns-is-layout-9d6595d7 wp-block-columns-is-layout-flex\">\n<div class=\"wp-block-column is-vertically-aligned-center is-layout-flow wp-block-column-is-layout-flow\">\n<h3 class=\"wp-block-heading\"><strong><strong>Caract\u00e9ristiques&nbsp;du&nbsp;produit<\/strong><\/strong><\/h3>\n\n\n\n<ul class=\"wp-block-list directions\">\n<li>Pour utilisation au-dessus du sol, aux endroits o\u00f9 apparence compte, sur planches de terrasse, garde-corps, dessus de poteau et planches de\u00a0cl\u00f4turage.<\/li>\n\n\n\n<li>Prot\u00e8ge contre la pourriture et la carie fongique des coupes de bout.<\/li>\n\n\n\n<li>D\u2019une couleur c\u00e8dre agenc\u00e9e au bois trait\u00e9 MicroPro\u00a0Sienna<sup>MD<\/sup><\/li>\n\n\n\n<li>Formule \u00e0 support hydrique \u00e0 base de cuivre.<\/li>\n\n\n\n<li>Faible en COV \/ faible odeur.<\/li>\n\n\n\n<li>Pr\u00eat \u00e0 emploi, directement du pot.<\/li>\n\n\n\n<li>Nettoyage au savon et \u00e0 l\u2019eau.<\/li>\n\n\n\n<li>Utilisez Cut-N-Seal pour valider la garantie du bois trait\u00e9 MicroPro Sienna.<\/li>\n<\/ul>\n<\/div>\n\n\n\n<div class=\"wp-block-column is-layout-flow wp-block-column-is-layout-flow\">\n<figure class=\"wp-block-image size-full\"><a href=\"https:\/\/cut-n-seal.com\/fr\/wp-content\/uploads\/sites\/2\/2021\/09\/Cut-N-Seal-WP-board-720x600-FR.jpg\"><img loading=\"lazy\" decoding=\"async\" width=\"720\" height=\"600\" src=\"https:\/\/cut-n-seal.com\/fr\/wp-content\/uploads\/sites\/2\/2021\/09\/Cut-N-Seal-WP-board-720x600-FR.jpg\" alt=\"\" class=\"wp-image-219\" srcset=\"https:\/\/cut-n-seal.com\/fr\/wp-content\/uploads\/sites\/2\/2021\/09\/Cut-N-Seal-WP-board-720x600-FR.jpg 720w, https:\/\/cut-n-seal.com\/fr\/wp-content\/uploads\/sites\/2\/2021\/09\/Cut-N-Seal-WP-board-720x600-FR-300x250.jpg 300w\" sizes=\"auto, (max-width: 720px) 100vw, 720px\" \/><\/a><\/figure>\n<\/div>\n<\/div>\n<\/div><\/div>\n\n\n\n<div class=\"wp-block-group\"><div class=\"wp-block-group__inner-container is-layout-flow wp-block-group-is-layout-flow\">\n<div class=\"wp-block-columns is-layout-flex wp-container-core-columns-is-layout-9d6595d7 wp-block-columns-is-layout-flex\">\n<div class=\"wp-block-column is-layout-flow wp-block-column-is-layout-flow\">\n<h2 class=\"wp-block-heading\">Usages<\/h2>\n<\/div>\n\n\n\n<div class=\"wp-block-column is-layout-flow wp-block-column-is-layout-flow\">\n<ul class=\"wp-block-list directions\">\n<li>Pour usages sur produits en bois trait\u00e9\u00a0<strong>au-dessus du niveau du sol<\/strong>.<\/li>\n\n\n\n<li>Utiliser Cut-N-Seal sur les endroits ayant \u00e9t\u00e9 perc\u00e9s ou sci\u00e9s des planches de platelage ou de cl\u00f4tures, garde-corps, dessus de poteaux, etc.<\/li>\n\n\n\n<li>Un contenant de 946\u00a0mL\u00a0permet de prot\u00e9ger environ 330 extr\u00e9mit\u00e9s de planches de platelage de 5\/4&#215;6, ou environ 220 de 2&#215;6, \u00e0 raison de deux (2) applications chacune.<\/li>\n\n\n\n<li>Cut-N-Seal n\u2019est pas recommand\u00e9 comme remplacement du traitement sous pression.<\/li>\n\n\n\n<li><em>NE PAS\u00a0utiliser comme nouvel enduit sur des surfaces de bois trait\u00e9 sous pression.<\/em><\/li>\n\n\n\n<li><em>NE PAS\u00a0utiliser sur du bois trait\u00e9 sous pression en applications en contact avec le sol ni dans des fondations en bois trait\u00e9.<\/em><\/li>\n\n\n\n<li><em>NE PAS\u00a0utiliser dans les habitations.<\/em><\/li>\n<\/ul>\n<\/div>\n<\/div>\n<\/div><\/div>\n\n\n\n<div class=\"wp-block-cover alignwide is-light\" style=\"min-height:328px;aspect-ratio:unset;\"><img decoding=\"async\" class=\"wp-block-cover__image-background wp-image-355\" alt=\"\" src=\"https:\/\/cut-n-seal.com\/wp-content\/uploads\/2021\/09\/application-banner-1x.jpg\" data-object-fit=\"cover\"\/><span aria-hidden=\"true\" class=\"wp-block-cover__background has-blue-background-color has-background-dim-0 has-background-dim\"><\/span><div class=\"wp-block-cover__inner-container is-layout-flow wp-block-cover-is-layout-flow\">\n<p class=\"has-text-align-center has-large-font-size\"><\/p>\n<\/div><\/div>\n\n\n\n<div class=\"wp-block-group\"><div class=\"wp-block-group__inner-container is-layout-flow wp-block-group-is-layout-flow\">\n<div class=\"wp-block-columns is-layout-flex wp-container-core-columns-is-layout-9d6595d7 wp-block-columns-is-layout-flex\">\n<div class=\"wp-block-column is-layout-flow wp-block-column-is-layout-flow\">\n<h2 class=\"wp-block-heading\">Application<\/h2>\n<\/div>\n\n\n\n<div class=\"wp-block-column is-layout-flow wp-block-column-is-layout-flow\">\n<ul class=\"wp-block-list directions\">\n<li>Le bois trait\u00e9 sous pression doit \u00eatre sec et propre.<\/li>\n\n\n\n<li>Cut-N-Seal est pr\u00eat \u00e0 utiliser; ne pas diluer.<\/li>\n\n\n\n<li>Remuer ou agiter le contenu avant et pendant l\u2019utilisation.<\/li>\n\n\n\n<li>Appliquer une premi\u00e8re couche, au pinceau, la laisser s\u2019impr\u00e9gner, puis appliquer une seconde couche. Ne pas pulv\u00e9riser ni appliquer par immersion.<\/li>\n\n\n\n<li>S\u2019applique \u00e0 des temp\u00e9ratures au-dessus de 5\u00a0\u00b0C (40\u00a0\u00b0F).<\/li>\n\n\n\n<li>Laisser la surface s\u00e9cher compl\u00e8tement avant de peindre ou de teindre.<\/li>\n\n\n\n<li><em>NE PAS appliquer ce produit sur du bois destin\u00e9 \u00e0 \u00eatre utilis\u00e9 dans ou sur l\u2019eau.<\/em><\/li>\n\n\n\n<li><em>NE PAS appliquer sur un plan d\u2019eau.<\/em><\/li>\n\n\n\n<li><em>NE PAS contaminer les sources d\u2019approvisionnement en eau potable ou en eau d\u2019irrigation ni les habitats aquatiques lors du nettoyage de l\u2019\u00e9quipement ou de l\u2019\u00e9limination de d\u00e9chets.<\/em><\/li>\n<\/ul>\n<\/div>\n<\/div>\n<\/div><\/div>\n\n\n\n<div class=\"wp-block-cover alignwide is-light\" style=\"min-height:328px;aspect-ratio:unset;\"><img decoding=\"async\" class=\"wp-block-cover__image-background wp-image-358\" alt=\"\" src=\"https:\/\/cut-n-seal.com\/wp-content\/uploads\/2021\/09\/clean-up-storage-banner.jpg\" data-object-fit=\"cover\"\/><span aria-hidden=\"true\" class=\"wp-block-cover__background has-blue-background-color has-background-dim-0 has-background-dim\"><\/span><div class=\"wp-block-cover__inner-container is-layout-flow wp-block-cover-is-layout-flow\">\n<p class=\"has-text-align-center has-large-font-size\"><\/p>\n<\/div><\/div>\n\n\n\n<div class=\"wp-block-group\"><div class=\"wp-block-group__inner-container is-layout-flow wp-block-group-is-layout-flow\">\n<div class=\"wp-block-columns is-layout-flex wp-container-core-columns-is-layout-9d6595d7 wp-block-columns-is-layout-flex\">\n<div class=\"wp-block-column is-layout-flow wp-block-column-is-layout-flow\">\n<h2 class=\"wp-block-heading\">Nettoyer \/ Entreposage<\/h2>\n<\/div>\n\n\n\n<div class=\"wp-block-column is-layout-flow wp-block-column-is-layout-flow\">\n<ul class=\"wp-block-list directions\">\n<li>Nettoyer le mat\u00e9riel d\u2019application (pinceaux, etc.) au savon et \u00e0 l\u2019eau.<\/li>\n\n\n\n<li>Entreposer ce produit loin de la nourriture humaine ou animale.<\/li>\n\n\n\n<li>Garder le contenant ferm\u00e9 herm\u00e9tiquement lorsqu\u2019il ne sert plus.<\/li>\n\n\n\n<li><strong>Prot\u00e9ger contre le gel.<\/strong><\/li>\n<\/ul>\n<\/div>\n<\/div>\n<\/div><\/div>\n\n\n\n<div class=\"wp-block-cover alignwide\" style=\"min-height:328px;aspect-ratio:unset;\"><img decoding=\"async\" class=\"wp-block-cover__image-background wp-image-360\" alt=\"\" src=\"https:\/\/cut-n-seal.com\/wp-content\/uploads\/2021\/09\/disposal-banner.jpg\" data-object-fit=\"cover\"\/><span aria-hidden=\"true\" class=\"wp-block-cover__background has-blue-background-color has-background-dim-0 has-background-dim\"><\/span><div class=\"wp-block-cover__inner-container is-layout-flow wp-block-cover-is-layout-flow\">\n<p class=\"has-text-align-center has-large-font-size\"><\/p>\n<\/div><\/div>\n\n\n\n<div class=\"wp-block-group\"><div class=\"wp-block-group__inner-container is-layout-flow wp-block-group-is-layout-flow\">\n<div class=\"wp-block-columns is-layout-flex wp-container-core-columns-is-layout-9d6595d7 wp-block-columns-is-layout-flex\">\n<div class=\"wp-block-column is-layout-flow wp-block-column-is-layout-flow\">\n<h2 class=\"wp-block-heading\">\u00c9limination<\/h2>\n<\/div>\n\n\n\n<div class=\"wp-block-column is-layout-flow wp-block-column-is-layout-flow\">\n<ul class=\"wp-block-list directions\">\n<li><em>NE PAS r\u00e9utiliser les contenants vides.<\/em><\/li>\n\n\n\n<li>Jeter avec les ordures m\u00e9nag\u00e8res.<\/li>\n\n\n\n<li>Les produits inutilis\u00e9s ou utilis\u00e9s en partie doivent \u00eatre apport\u00e9s \u00e0 une d\u00e9charge de d\u00e9chets dangereux provinciale ou municipale.<\/li>\n<\/ul>\n<\/div>\n<\/div>\n<\/div><\/div>\n\n\n\n<div class=\"wp-block-group\"><div class=\"wp-block-group__inner-container is-layout-flow wp-block-group-is-layout-flow\">\n<h3 class=\"wp-block-heading has-text-align-center\">POUR PLUS D&#8217;INFORMATIONS<\/h3>\n\n\n\n<p class=\"has-text-align-center\">Des directives d\u00e9taill\u00e9es sont imprim\u00e9es sur l\u2019\u00e9tiquette du&nbsp;produit. Observez les recommandations du fabricant qui&nbsp;apparaissent sur cette \u00e9tiquette.<\/p>\n<\/div><\/div>\n\n\n\n<div class=\"wp-block-group alignfull resources has-white-color has-blue-background-color has-text-color has-background\" id=\"ressources\"><div class=\"wp-block-group__inner-container is-layout-flow wp-block-group-is-layout-flow\">\n<h2 class=\"wp-block-heading has-text-align-left has-white-color has-text-color\">Ressources<\/h2>\n\n\n\n<p>Pour obtenir des renseignements additionnels&nbsp;\u00e0&nbsp;propos de Cut-N-Seal, voir ci-dessous:<\/p>\n\n\n\n<div class=\"wp-block-group\"><div class=\"wp-block-group__inner-container is-layout-flow wp-block-group-is-layout-flow\">\n<div class=\"wp-block-file\"><a id=\"wp-block-file--media-26036c91-6674-4143-9789-73c81bfa0bcc\" href=\"https:\/\/cut-n-seal.com\/fr\/wp-content\/uploads\/sites\/2\/2021\/09\/Cut-N-Seal-2021-Product-Information-F.pdf\" target=\"_blank\" rel=\"noreferrer noopener\">Cut-N-Seal fiche signal\u00e9tique<\/a><\/div>\n\n\n\n<div class=\"wp-block-file\"><a id=\"wp-block-file--media-2f1b32a2-e9d0-4349-8d5f-0cca5e88de3f\" href=\"https:\/\/cut-n-seal.com\/fr\/wp-content\/uploads\/sites\/2\/2022\/06\/Cut-N-Seal-agent-de-preservation-etiquette-du-produit-MicroProSienna.pdf\" target=\"_blank\" rel=\"noreferrer noopener\">Cut-N-Seal&nbsp;etiquette&nbsp;Sienna c\u00e8dre<\/a><\/div>\n\n\n\n<div class=\"wp-block-file\"><a id=\"wp-block-file--media-61f5865f-72bc-44ad-8641-f75ca4b253a0\" href=\"https:\/\/cut-n-seal.com\/fr\/wp-content\/uploads\/sites\/2\/2021\/09\/Cut-N-Seal-agent-de-preservation-fiche-technique-1.pdf\" target=\"_blank\" rel=\"noreferrer noopener\">Cut-N-Seal&nbsp;fiche technique<\/a><\/div>\n\n\n\n<div class=\"wp-block-file\"><a id=\"wp-block-file--media-ceb0e968-5d73-4f99-bd2f-69bba3259b82\" href=\"https:\/\/cut-n-seal.com\/fr\/wp-content\/uploads\/sites\/2\/2021\/09\/Cut-N-Seal-2021-WP-ProductInformation-4x9-TearSheet-F.pdf\" target=\"_blank\" rel=\"noreferrer noopener\">Cut-N-Seal&nbsp;renseignement<\/a><\/div>\n<\/div><\/div>\n<\/div><\/div>\n\n\n\n<div id=\"detaillants\" class=\"wp-block-group dealers\"><div class=\"wp-block-group__inner-container is-layout-flow wp-block-group-is-layout-flow\">\n<div class=\"wp-block-columns is-layout-flex wp-container-core-columns-is-layout-9d6595d7 wp-block-columns-is-layout-flex\">\n<div class=\"wp-block-column is-layout-flow wp-block-column-is-layout-flow\" style=\"flex-basis:50%\"><div class=\"wp-block-image\">\n<figure class=\"aligncenter size-full\"><img loading=\"lazy\" decoding=\"async\" width=\"476\" height=\"382\" src=\"https:\/\/cut-n-seal.com\/fr\/wp-content\/uploads\/sites\/2\/2021\/09\/Component-3-\u2013-1.jpg\" alt=\"\" class=\"wp-image-215\" srcset=\"https:\/\/cut-n-seal.com\/fr\/wp-content\/uploads\/sites\/2\/2021\/09\/Component-3-\u2013-1.jpg 476w, https:\/\/cut-n-seal.com\/fr\/wp-content\/uploads\/sites\/2\/2021\/09\/Component-3-\u2013-1-300x241.jpg 300w\" sizes=\"auto, (max-width: 476px) 100vw, 476px\" \/><\/figure><\/div><\/div>\n\n\n\n<div class=\"wp-block-column is-vertically-aligned-center is-layout-flow wp-block-column-is-layout-flow\" style=\"flex-basis:50%\">\n<h2 class=\"wp-block-heading\">D\u00e9taillants<\/h2>\n\n\n\n<p><strong>Si vous \u00eates un d\u00e9taillant et souhaitez stocker Cut-N-Seal dans votre magasin, contactez Lancaster Canada:<\/strong><\/p>\n\n\n\n<p>Sans frais : 1-800-668-1124<\/p>\n\n\n\n<p><a href=\"mailto:customer.serviceca@lancasterco.com\">customer.serviceca@lancasterco.com<\/a><\/p>\n<\/div>\n<\/div>\n<\/div><\/div>\n\n\n\n<div class=\"wp-block-cover alignwide\" style=\"min-height:328px;aspect-ratio:unset;\"><img decoding=\"async\" class=\"wp-block-cover__image-background wp-image-362\" alt=\"\" src=\"https:\/\/cut-n-seal.com\/wp-content\/uploads\/2021\/09\/contact-banner.jpg\" data-object-fit=\"cover\"\/><span aria-hidden=\"true\" class=\"wp-block-cover__background has-blue-background-color has-background-dim-0 has-background-dim\"><\/span><div class=\"wp-block-cover__inner-container is-layout-flow wp-block-cover-is-layout-flow\">\n<p class=\"has-text-align-center has-large-font-size\"><\/p>\n<\/div><\/div>\n\n\n\n<div id=\"contact\" class=\"wp-block-group contact\"><div class=\"wp-block-group__inner-container is-layout-flow wp-block-group-is-layout-flow\">\n<h2 class=\"wp-block-heading has-text-align-center\">Contact<\/h2>\n\n\n\n<p class=\"has-text-align-center\"><strong>Si vous avez des questions, ou pour plus de&nbsp;reseignements&nbsp;:<\/strong><\/p>\n\n\n<div class=\"frm_forms  with_frm_style frm_style_formidable-style\" id=\"frm_form_2_container\" >\n<form enctype=\"multipart\/form-data\" method=\"post\" class=\"frm-show-form  frm_pro_form \" id=\"form_contact-form7389a418a4\" >\n<div class=\"frm_form_fields \">\n<fieldset>\n<legend class=\"frm_screen_reader\">Contact Us<\/legend>\r\n\r\n<div class=\"frm_fields_container\">\n<input type=\"hidden\" name=\"frm_action\" value=\"create\" \/>\n<input type=\"hidden\" name=\"form_id\" value=\"2\" \/>\n<input type=\"hidden\" name=\"frm_hide_fields_2\" id=\"frm_hide_fields_2\" value=\"\" \/>\n<input type=\"hidden\" name=\"form_key\" value=\"contact-form7389a418a4\" \/>\n<input type=\"hidden\" name=\"item_meta[0]\" value=\"\" \/>\n<input type=\"hidden\" id=\"frm_submit_entry_2\" name=\"frm_submit_entry_2\" value=\"dd4cf6c9a7\" \/><input type=\"hidden\" name=\"_wp_http_referer\" value=\"\/fr\/wp-json\/wp\/v2\/pages\/141\" \/><div id=\"frm_field_6_container\" class=\"frm_form_field form-field  frm_required_field frm_top_container frm_first frm_half\">\r\n    <label for=\"field_qh4icy7fb07e6860\" id=\"field_qh4icy7fb07e6860_label\" class=\"frm_primary_label\">Pr\u00e9nom\r\n        <span class=\"frm_required\">*<\/span>\r\n    <\/label>\r\n    <input  type=\"text\" id=\"field_qh4icy7fb07e6860\" name=\"item_meta[6]\" value=\"\"  data-reqmsg=\"Pr\u00e9nom cannot be blank.\" aria-required=\"true\" data-invmsg=\"Name is invalid\" aria-invalid=\"false\"   \/>\r\n    \r\n    \r\n<\/div>\n<div id=\"frm_field_7_container\" class=\"frm_form_field form-field  frm_required_field frm_top_container frm_half\">\r\n    <label for=\"field_ocfup1f9b218c739\" id=\"field_ocfup1f9b218c739_label\" class=\"frm_primary_label\">Nom de famille\r\n        <span class=\"frm_required\">*<\/span>\r\n    <\/label>\r\n    <input  type=\"text\" id=\"field_ocfup1f9b218c739\" name=\"item_meta[7]\" value=\"\"  data-reqmsg=\"Nom de famille cannot be blank.\" aria-required=\"true\" data-invmsg=\"Last is invalid\" aria-invalid=\"false\"   \/>\r\n    \r\n    \r\n<\/div>\n<div id=\"frm_field_8_container\" class=\"frm_form_field form-field  frm_required_field frm_top_container frm_full\">\r\n    <label for=\"field_29yf4d41bfd5ef28\" id=\"field_29yf4d41bfd5ef28_label\" class=\"frm_primary_label\">Courriel\r\n        <span class=\"frm_required\">*<\/span>\r\n    <\/label>\r\n    <input type=\"email\" id=\"field_29yf4d41bfd5ef28\" name=\"item_meta[8]\" value=\"\"  data-reqmsg=\"Courriel cannot be blank.\" aria-required=\"true\" data-invmsg=\"Please enter a valid email address\" aria-invalid=\"false\"  \/>\r\n    \r\n    \r\n<\/div>\n<div id=\"frm_field_9_container\" class=\"frm_form_field form-field  frm_required_field frm_top_container frm_full\">\r\n    <label for=\"field_e6lis6ec602f309c\" id=\"field_e6lis6ec602f309c_label\" class=\"frm_primary_label\">Sujet\r\n        <span class=\"frm_required\">*<\/span>\r\n    <\/label>\r\n    <input  type=\"text\" id=\"field_e6lis6ec602f309c\" name=\"item_meta[9]\" value=\"\"  data-reqmsg=\"Sujet cannot be blank.\" aria-required=\"true\" data-invmsg=\"Subject is invalid\" aria-invalid=\"false\"   \/>\r\n    \r\n    \r\n<\/div>\n<div id=\"frm_field_10_container\" class=\"frm_form_field form-field  frm_required_field frm_inline_container horizontal_radio frm_other_container\">\r\n    <div  id=\"field_xz5sn_label\" class=\"frm_primary_label\">Type\r\n        <span class=\"frm_required\" aria-hidden=\"true\">*<\/span>\r\n    <\/div>\r\n    <div class=\"frm_opt_container\" aria-labelledby=\"field_xz5sn_label\" role=\"group\">\t\t<div class=\"frm_checkbox\" id=\"frm_checkbox_10-0\">\t\t\t<label  for=\"field_xz5sn-0\">\n\t\t\t<input type=\"checkbox\" name=\"item_meta[10][]\" id=\"field_xz5sn-0\" value=\"Agent de pr\u00e9servation de bois\"  data-reqmsg=\"Type cannot be blank.\" data-invmsg=\"Type is invalid\" aria-invalid=\"false\"   aria-required=\"true\"  \/> Agent de pr\u00e9servation de bois<\/label><\/div>\n\t\t<div class=\"frm_checkbox\" id=\"frm_checkbox_10-1\">\t\t\t<label  for=\"field_xz5sn-1\">\n\t\t\t<input type=\"checkbox\" name=\"item_meta[10][]\" id=\"field_xz5sn-1\" value=\"Scellant\"  data-reqmsg=\"Type cannot be blank.\" data-invmsg=\"Type is invalid\" aria-invalid=\"false\"   \/> Scellant<\/label><\/div>\n\t\t<div class=\"frm_checkbox\" id=\"frm_checkbox_10-other_2\">\t\t\t<label  for=\"field_xz5sn-other_2\">\n\t\t\t<input type=\"checkbox\" name=\"item_meta[10][other_2]\" id=\"field_xz5sn-other_2\" value=\"Autre\"  data-reqmsg=\"Type cannot be blank.\" data-invmsg=\"Type is invalid\" aria-invalid=\"false\"   \/> Autre<\/label><label for=\"field_xz5sn-other_2-otext\" class=\"frm_screen_reader frm_hidden\">Autre<\/label><input type=\"text\" id=\"field_xz5sn-other_2-otext\" class=\"frm_other_input frm_pos_none\"  name=\"item_meta[other][10][other_2]\" value=\"\" \/><\/div>\n<\/div>\r\n    \r\n    \r\n<\/div>\n<div id=\"frm_field_11_container\" class=\"frm_form_field form-field  frm_required_field frm_top_container frm_full\">\r\n    <label for=\"field_9jv0r1e5b11b30ef\" id=\"field_9jv0r1e5b11b30ef_label\" class=\"frm_primary_label\">Message\r\n        <span class=\"frm_required\">*<\/span>\r\n    <\/label>\r\n    <textarea name=\"item_meta[11]\" id=\"field_9jv0r1e5b11b30ef\" rows=\"5\"  data-reqmsg=\"Message cannot be blank.\" aria-required=\"true\" data-invmsg=\"Message is invalid\" aria-invalid=\"false\"  ><\/textarea>\r\n    \r\n    \r\n<\/div>\n<div id=\"frm_field_12_container\" class=\"frm_form_field form-field  frm_none_container\">\n    <label for=\"g-recaptcha-response\" id=\"field_s6gyy_label\" class=\"frm_primary_label\">reCAPTCHA\n        <span class=\"frm_required\" aria-hidden=\"true\"><\/span>\n    <\/label>\n    <div  id=\"field_s6gyy\" class=\"frm-g-recaptcha\" data-sitekey=\"6LcegnAcAAAAANo6pSlvUiX8r96hQednnqsmNouI\" data-size=\"normal\" data-theme=\"light\"><\/div>\n    \n    \n<\/div>\n\t<input type=\"hidden\" name=\"item_key\" value=\"\" \/>\n\t\t\t<div id=\"frm_field_13_container\">\n\t\t\t<label for=\"field_e2gbz\" >\n\t\t\t\tIf you are human, leave this field blank.\t\t\t<\/label>\n\t\t\t<input  id=\"field_e2gbz\" type=\"text\" class=\"frm_form_field form-field frm_verify\" name=\"item_meta[13]\" value=\"\"  \/>\n\t\t<\/div>\n\t\t<input name=\"frm_state\" type=\"hidden\" value=\"8j9tX2nrdAAfy8EiGBunW3g\/Xgx29JvS3jrmqWYLMTrL1J3YcnMsORzvygA6pon5\" \/><div class=\"frm_submit\">\r\n\r\n<button class=\"frm_button_submit frm_final_submit\" type=\"submit\"   formnovalidate=\"formnovalidate\">Soumettre<\/button>\r\n\r\n<\/div><\/div>\n<\/fieldset>\n<\/div>\n\n<\/form>\n<\/div>\n\n<\/div><\/div>\n\n\n\n<div class=\"wp-block-group alignwide cta\"><div class=\"wp-block-group__inner-container is-layout-flow wp-block-group-is-layout-flow\">\n<div class=\"wp-block-columns reverse-mobile is-layout-flex wp-container-core-columns-is-layout-9d6595d7 wp-block-columns-is-layout-flex\">\n<div class=\"wp-block-column is-vertically-aligned-center is-layout-flow wp-block-column-is-layout-flow\">\n<h3 class=\"wp-block-heading\">PRODUIT ABANDONN\u00c9<\/h3>\n\n\n\n<p><strong>La formulation originale du scellant Cut-N-Seal sera disponible jusqu\u2019\u00e0 \u00e9puisement des stocks.&nbsp;Pour obtenir plus de renseignements \u00e0 propos du scellant Cut-N-Seal, cliquez-ici.<\/strong><\/p>\n\n\n<div class=\"wp-block-image\">\n<figure class=\"alignright size-full is-resized\"><a href=\"https:\/\/cut-n-seal.com\/fr\/sceallant\/\"><img decoding=\"async\" src=\"https:\/\/cut-n-seal.com\/wp-content\/uploads\/2021\/09\/Arrow.png\" alt=\"\" class=\"wp-image-399\" style=\"width:69px;height:13px\"\/><\/a><\/figure><\/div><\/div>\n\n\n\n<div class=\"wp-block-column is-layout-flow wp-block-column-is-layout-flow\">\n<div class=\"wp-block-cover is-light has-custom-content-position is-position-center-left\" style=\"min-height:294px;aspect-ratio:unset;\"><img decoding=\"async\" class=\"wp-block-cover__image-background wp-image-384\" alt=\"\" src=\"https:\/\/cut-n-seal.com\/wp-content\/uploads\/2021\/09\/Sealer-blur-image.png\" style=\"object-position:60% 100%\" data-object-fit=\"cover\" data-object-position=\"60% 100%\"\/><span aria-hidden=\"true\" class=\"wp-block-cover__background has-blue-background-color has-background-dim-0 has-background-dim\"><\/span><div class=\"wp-block-cover__inner-container is-layout-flow wp-block-cover-is-layout-flow\">\n<p class=\"has-text-align-left has-large-font-size\">SCELLANT<\/p>\n\n\n\n<figure class=\"wp-block-image size-full\"><a href=\"https:\/\/cut-n-seal.com\/fr\/scellant\/\"><img decoding=\"async\" src=\"https:\/\/cut-n-seal.com\/wp-content\/uploads\/2021\/09\/Cut-N-Seal-946ml-Can-SEALER@2x.png\" alt=\"\" class=\"wp-image-395\"\/><\/a><\/figure>\n<\/div><\/div>\n<\/div>\n<\/div>\n<\/div><\/div>\n","protected":false},"excerpt":{"rendered":"<p>Information du produit Voici le seul agent de pr\u00e9servation du bois \u00e0 support hydrique applicable au pinceau enregistr\u00e9 au Canada.&nbsp;Le nouveau&nbsp;Cut-N-SealMD&nbsp;est un agent de pr\u00e9servation \u00e0 appliquer au pinceau, \u00e0 couleur assortie, pour coupes et trous r\u00e9alis\u00e9s dans le bois trait\u00e9 sous pression qui exposent du bois non trait\u00e9. Caract\u00e9ristiques&nbsp;du&nbsp;produit Usages Application Nettoyer \/ Entreposage&#8230; <a class=\"read-more\" href=\"https:\/\/cut-n-seal.com\/fr\/agent-de-preservation-de-bois\/\">Read More<\/a><\/p>\n","protected":false},"author":2,"featured_media":0,"parent":0,"menu_order":0,"comment_status":"closed","ping_status":"closed","template":"","meta":{"_acf_changed":false,"footnotes":""},"class_list":["post-141","page","type-page","status-publish","hentry"],"acf":[],"_links":{"self":[{"href":"https:\/\/cut-n-seal.com\/fr\/wp-json\/wp\/v2\/pages\/141","targetHints":{"allow":["GET"]}}],"collection":[{"href":"https:\/\/cut-n-seal.com\/fr\/wp-json\/wp\/v2\/pages"}],"about":[{"href":"https:\/\/cut-n-seal.com\/fr\/wp-json\/wp\/v2\/types\/page"}],"author":[{"embeddable":true,"href":"https:\/\/cut-n-seal.com\/fr\/wp-json\/wp\/v2\/users\/2"}],"replies":[{"embeddable":true,"href":"https:\/\/cut-n-seal.com\/fr\/wp-json\/wp\/v2\/comments?post=141"}],"version-history":[{"count":48,"href":"https:\/\/cut-n-seal.com\/fr\/wp-json\/wp\/v2\/pages\/141\/revisions"}],"predecessor-version":[{"id":294,"href":"https:\/\/cut-n-seal.com\/fr\/wp-json\/wp\/v2\/pages\/141\/revisions\/294"}],"wp:attachment":[{"href":"https:\/\/cut-n-seal.com\/fr\/wp-json\/wp\/v2\/media?parent=141"}],"curies":[{"name":"wp","href":"https:\/\/api.w.org\/{rel}","templated":true}]}}