{"id":143,"date":"2021-09-02T17:58:43","date_gmt":"2021-09-02T17:58:43","guid":{"rendered":"https:\/\/cut-n-seal.com\/fr\/?page_id=143"},"modified":"2021-09-23T20:48:04","modified_gmt":"2021-09-23T20:48:04","slug":"scellant","status":"publish","type":"page","link":"https:\/\/cut-n-seal.com\/fr\/scellant\/","title":{"rendered":"Scellant"},"content":{"rendered":"\n<div id=\"information-du-produit\" class=\"wp-block-group product-information\"><div class=\"wp-block-group__inner-container is-layout-flow wp-block-group-is-layout-flow\">\n<div class=\"wp-block-columns is-layout-flex wp-container-core-columns-is-layout-9d6595d7 wp-block-columns-is-layout-flex\">\n<div class=\"wp-block-column is-layout-flow wp-block-column-is-layout-flow\">\n<div class=\"wp-block-image\"><figure class=\"aligncenter size-full\"><a href=\"https:\/\/cut-n-seal.com\/wp-content\/uploads\/2021\/09\/Cut-N-Seal-946ml-Can-SEALER@2x-1.png\"><img decoding=\"async\" src=\"https:\/\/cut-n-seal.com\/wp-content\/uploads\/2021\/09\/Cut-N-Seal-946ml-Can-SEALER@2x-1.png\" alt=\"\" class=\"wp-image-426\"\/><\/a><\/figure><\/div>\n<\/div>\n\n\n\n<div class=\"wp-block-column is-vertically-aligned-center vertically-centered is-layout-flow wp-block-column-is-layout-flow\">\n<h1 class=\"wp-block-heading\">Information du produit<\/h1>\n\n\n\n<p><strong>Cut-N-Seal<sup>MD<\/sup>&nbsp;est un scellant et hydrofugeant \u00e0 appliquer au pinceau pour coupes et trous dans du bois trait\u00e9 sous pression qui exposent des parties non trait\u00e9es au-dessus du niveau du sol sur des planches de platelage, garde-corps, dessus de poteaux et planches de cl\u00f4ture.<\/strong><\/p>\n<\/div>\n<\/div>\n<\/div><\/div>\n\n\n\n<div class=\"wp-block-group\"><div class=\"wp-block-group__inner-container is-layout-flow wp-block-group-is-layout-flow\">\n<div class=\"wp-block-columns reverse-mobile is-layout-flex wp-container-core-columns-is-layout-9d6595d7 wp-block-columns-is-layout-flex\">\n<div class=\"wp-block-column is-vertically-aligned-center is-layout-flow wp-block-column-is-layout-flow\">\n<h3 class=\"wp-block-heading\">PRODUIT ABANDONN\u00c9<\/h3>\n\n\n\n<ul class=\"directions single-item wp-block-list\"><li>La formulation originale du scellant Cut-N-Seal sera disponible jusqu\u2019\u00e0 \u00e9puisement des stocks.<\/li><\/ul>\n<\/div>\n\n\n\n<div class=\"wp-block-column is-layout-flow wp-block-column-is-layout-flow\">\n<figure class=\"wp-block-image size-full\"><a href=\"https:\/\/cut-n-seal.com\/fr\/wp-content\/uploads\/sites\/2\/2021\/09\/cut-n-seal-fr_home.jpg\"><img loading=\"lazy\" decoding=\"async\" width=\"467\" height=\"541\" src=\"https:\/\/cut-n-seal.com\/fr\/wp-content\/uploads\/sites\/2\/2021\/09\/cut-n-seal-fr_home.jpg\" alt=\"\" class=\"wp-image-212\" srcset=\"https:\/\/cut-n-seal.com\/fr\/wp-content\/uploads\/sites\/2\/2021\/09\/cut-n-seal-fr_home.jpg 467w, https:\/\/cut-n-seal.com\/fr\/wp-content\/uploads\/sites\/2\/2021\/09\/cut-n-seal-fr_home-259x300.jpg 259w\" sizes=\"auto, (max-width: 467px) 100vw, 467px\" \/><\/a><\/figure>\n<\/div>\n<\/div>\n<\/div><\/div>\n\n\n\n<div class=\"wp-block-group\"><div class=\"wp-block-group__inner-container is-layout-flow wp-block-group-is-layout-flow\">\n<div class=\"wp-block-columns is-layout-flex wp-container-core-columns-is-layout-9d6595d7 wp-block-columns-is-layout-flex\">\n<div class=\"wp-block-column is-layout-flow wp-block-column-is-layout-flow\">\n<h2 class=\"wp-block-heading\">Usages<\/h2>\n<\/div>\n\n\n\n<div class=\"wp-block-column is-layout-flow wp-block-column-is-layout-flow\">\n<ul class=\"directions wp-block-list\"><li>Pour usages sur produits en bois trait\u00e9 au-dessus du niveau du sol. Utiliser Cut-N-Seal sur les endroits ayant \u00e9t\u00e9 perc\u00e9s ou sci\u00e9s des planches de platelage ou de cl\u00f4tures, garde-corps, dessus de poteaux, etc.<\/li><li>Un contenant de 946&nbsp;mL&nbsp;permet de sceller hydrofuger environ 330 extr\u00e9mit\u00e9s de planches de platelage de 5\/4\u00d76, ou environ 220 de 2&#215;6, \u00e0 raison de deux (2) applications chacune.<\/li><li>La formulation aqueuse pr\u00eate \u00e0 l\u2019emploi est&nbsp;d\u00e9gage&nbsp;peu d\u2019odeurs. Utiliser directement du contenant et nettoyer au savon et \u00e0 l\u2019eau.<\/li><li>Cut-N-Seal n\u2019est pas recommand\u00e9 comme remplacement du traitement sous pression.<\/li><li><em>Ne pas utiliser comme nouvel enduit sur des surfaces de bois trait\u00e9 sous pression.<\/em><\/li><li><em>Ne pas utiliser sur du bois trait\u00e9 sous pression en applications en contact avec le sol ni dans des fondations en bois trait\u00e9.<\/em><\/li><\/ul>\n<\/div>\n<\/div>\n<\/div><\/div>\n\n\n\n<div class=\"wp-block-cover alignwide has-blue-background-color\" style=\"min-height:328px;aspect-ratio:unset;\"><img decoding=\"async\" class=\"wp-block-cover__image-background wp-image-355\" alt=\"\" src=\"https:\/\/cut-n-seal.com\/wp-content\/uploads\/2021\/09\/application-banner-1x.jpg\" data-object-fit=\"cover\"\/><div class=\"wp-block-cover__inner-container is-layout-flow wp-block-cover-is-layout-flow\">\n<p class=\"has-text-align-center has-large-font-size\"><\/p>\n<\/div><\/div>\n\n\n\n<div class=\"wp-block-group\"><div class=\"wp-block-group__inner-container is-layout-flow wp-block-group-is-layout-flow\">\n<div class=\"wp-block-columns is-layout-flex wp-container-core-columns-is-layout-9d6595d7 wp-block-columns-is-layout-flex\">\n<div class=\"wp-block-column is-layout-flow wp-block-column-is-layout-flow\">\n<h2 class=\"wp-block-heading\">Application<\/h2>\n<\/div>\n\n\n\n<div class=\"wp-block-column is-layout-flow wp-block-column-is-layout-flow\">\n<ul class=\"directions wp-block-list\"><li>Le bois trait\u00e9 sous pression doit \u00eatre sec et propre.<\/li><li>Cut-N-Seal est pr\u00eat \u00e0 l\u2019emploi; ne pas diluer.<\/li><li>Agiter et remuer le contenu avant et de temps en temps pendant l\u2019utilisation.<\/li><li>Appliquer une premi\u00e8re couche, au pinceau, la laisser s\u2019impr\u00e9gner, puis applique rune seconde couche.<\/li><\/ul>\n<\/div>\n<\/div>\n<\/div><\/div>\n\n\n\n<div class=\"wp-block-cover alignwide has-blue-background-color\" style=\"min-height:328px;aspect-ratio:unset;\"><img decoding=\"async\" class=\"wp-block-cover__image-background wp-image-358\" alt=\"\" src=\"https:\/\/cut-n-seal.com\/wp-content\/uploads\/2021\/09\/clean-up-storage-banner.jpg\" data-object-fit=\"cover\"\/><div class=\"wp-block-cover__inner-container is-layout-flow wp-block-cover-is-layout-flow\">\n<p class=\"has-text-align-center has-large-font-size\"><\/p>\n<\/div><\/div>\n\n\n\n<div class=\"wp-block-group\"><div class=\"wp-block-group__inner-container is-layout-flow wp-block-group-is-layout-flow\">\n<div class=\"wp-block-columns is-layout-flex wp-container-core-columns-is-layout-9d6595d7 wp-block-columns-is-layout-flex\">\n<div class=\"wp-block-column is-layout-flow wp-block-column-is-layout-flow\">\n<h2 class=\"wp-block-heading\">Nettoyage \/ Entreposage<\/h2>\n\n\n\n<p><\/p>\n<\/div>\n\n\n\n<div class=\"wp-block-column is-layout-flow wp-block-column-is-layout-flow\">\n<ul class=\"directions wp-block-list\"><li>Nettoyer le mat\u00e9riel d\u2019application (pinceaux, etc.) au savon et \u00e0 l\u2019eau.<\/li><li>Entreposer dans un contenant bien ferm\u00e9.<\/li><li><strong>Ne pas congeler.<\/strong><\/li><li>Garder au-dessus de 4 \u00b0 C (40 \u00b0 F).<\/li><\/ul>\n<\/div>\n<\/div>\n<\/div><\/div>\n\n\n\n<div class=\"wp-block-cover alignwide has-blue-background-color\" style=\"min-height:328px;aspect-ratio:unset;\"><img decoding=\"async\" class=\"wp-block-cover__image-background wp-image-360\" alt=\"\" src=\"https:\/\/cut-n-seal.com\/wp-content\/uploads\/2021\/09\/disposal-banner.jpg\" data-object-fit=\"cover\"\/><div class=\"wp-block-cover__inner-container is-layout-flow wp-block-cover-is-layout-flow\">\n<p class=\"has-text-align-center has-large-font-size\"><\/p>\n<\/div><\/div>\n\n\n\n<div class=\"wp-block-group\"><div class=\"wp-block-group__inner-container is-layout-flow wp-block-group-is-layout-flow\">\n<div class=\"wp-block-columns is-layout-flex wp-container-core-columns-is-layout-9d6595d7 wp-block-columns-is-layout-flex\">\n<div class=\"wp-block-column is-layout-flow wp-block-column-is-layout-flow\">\n<h2 class=\"wp-block-heading\">\u00c9limination<\/h2>\n\n\n\n<p><\/p>\n<\/div>\n\n\n\n<div class=\"wp-block-column is-layout-flow wp-block-column-is-layout-flow\">\n<ul class=\"directions single-item wp-block-list\"><li>\u00c9liminer le contenant vide dans les ordures m\u00e9nag\u00e8res.<\/li><\/ul>\n<\/div>\n<\/div>\n<\/div><\/div>\n\n\n\n<div class=\"wp-block-group alignfull resources has-white-color has-blue-background-color has-text-color has-background\" id=\"ressources\"><div class=\"wp-block-group__inner-container is-layout-flow wp-block-group-is-layout-flow\">\n<h2 class=\"has-text-align-left has-white-color has-text-color wp-block-heading\">Ressources<\/h2>\n\n\n\n<p>Pour obtenir des renseignements additionnels \u00e0 propos de Cut-N-Seal, voir ci-dessous:<\/p>\n\n\n\n<div class=\"wp-block-group\"><div class=\"wp-block-group__inner-container is-layout-flow wp-block-group-is-layout-flow\">\n<div class=\"wp-block-file\"><a href=\"https:\/\/cut-n-seal.com\/fr\/wp-content\/uploads\/sites\/2\/2021\/09\/282-TIM-F-Cut-N-Seal-SDS-CDN-French-REV3-3.pdf\" target=\"_blank\" rel=\"noreferrer noopener\">Cut-N-Seal fiche\u00a0signaletique\u00a0\u2013 scellant<\/a><\/div>\n\n\n\n<div class=\"wp-block-file\"><a href=\"https:\/\/cut-n-seal.com\/fr\/wp-content\/uploads\/sites\/2\/2021\/09\/Cut-N-Seal-etiquette-vert-doux-1.pdf\" target=\"_blank\" rel=\"noreferrer noopener\">Cut-N-Seal \u00e9tiquette vert doux<\/a><\/div>\n\n\n\n<div class=\"wp-block-file\"><a href=\"https:\/\/cut-n-seal.com\/fr\/wp-content\/uploads\/sites\/2\/2021\/09\/Cut-N-Seal-etiquette-Sienna-cedre-1.pdf\" target=\"_blank\" rel=\"noreferrer noopener\">Cut-N-Seal \u00e9tiquette Sienna&nbsp;cedre<\/a><\/div>\n\n\n\n<div class=\"wp-block-file\"><a href=\"https:\/\/cut-n-seal.com\/fr\/wp-content\/uploads\/sites\/2\/2021\/09\/Cut-N-Seal-fiche-technique-1.pdf\" target=\"_blank\" rel=\"noreferrer noopener\">Cut-N-Seal fiche technique<\/a><\/div>\n\n\n\n<div class=\"wp-block-file\"><a href=\"https:\/\/cut-n-seal.com\/fr\/wp-content\/uploads\/sites\/2\/2021\/09\/Cut-N-Seal-renseignement1.pdf\" target=\"_blank\" rel=\"noreferrer noopener\">Cut-N-Seal&nbsp;renseignement<\/a><\/div>\n<\/div><\/div>\n<\/div><\/div>\n\n\n\n<div id=\"contact\" class=\"wp-block-group contact\"><div class=\"wp-block-group__inner-container is-layout-flow wp-block-group-is-layout-flow\">\n<h2 class=\"has-text-align-center wp-block-heading\">Contact<\/h2>\n\n\n\n<p class=\"has-text-align-center\"><strong>Si vous avez des questions, ou pour plus de&nbsp;reseignements&nbsp;:<\/strong><\/p>\n\n\n<div class=\"frm_forms  with_frm_style frm_style_formidable-style\" id=\"frm_form_2_container\" >\n<form enctype=\"multipart\/form-data\" method=\"post\" class=\"frm-show-form  frm_pro_form \" id=\"form_contact-form7389a418a4\" >\n<div class=\"frm_form_fields \">\n<fieldset>\n<legend class=\"frm_screen_reader\">Contact Us<\/legend>\r\n\r\n<div class=\"frm_fields_container\">\n<input type=\"hidden\" name=\"frm_action\" value=\"create\" \/>\n<input type=\"hidden\" name=\"form_id\" value=\"2\" \/>\n<input type=\"hidden\" name=\"frm_hide_fields_2\" id=\"frm_hide_fields_2\" value=\"\" \/>\n<input type=\"hidden\" name=\"form_key\" value=\"contact-form7389a418a4\" \/>\n<input type=\"hidden\" name=\"item_meta[0]\" value=\"\" \/>\n<input type=\"hidden\" id=\"frm_submit_entry_2\" name=\"frm_submit_entry_2\" value=\"dd4cf6c9a7\" \/><input type=\"hidden\" name=\"_wp_http_referer\" value=\"\/fr\/wp-json\/wp\/v2\/pages\/143\" \/><div id=\"frm_field_6_container\" class=\"frm_form_field form-field  frm_required_field frm_top_container frm_first frm_half\">\r\n    <label for=\"field_qh4icy7fb07e6860\" id=\"field_qh4icy7fb07e6860_label\" class=\"frm_primary_label\">Pr\u00e9nom\r\n        <span class=\"frm_required\">*<\/span>\r\n    <\/label>\r\n    <input  type=\"text\" id=\"field_qh4icy7fb07e6860\" name=\"item_meta[6]\" value=\"\"  data-reqmsg=\"Pr\u00e9nom cannot be blank.\" aria-required=\"true\" data-invmsg=\"Name is invalid\" aria-invalid=\"false\"   \/>\r\n    \r\n    \r\n<\/div>\n<div id=\"frm_field_7_container\" class=\"frm_form_field form-field  frm_required_field frm_top_container frm_half\">\r\n    <label for=\"field_ocfup1f9b218c739\" id=\"field_ocfup1f9b218c739_label\" class=\"frm_primary_label\">Nom de famille\r\n        <span class=\"frm_required\">*<\/span>\r\n    <\/label>\r\n    <input  type=\"text\" id=\"field_ocfup1f9b218c739\" name=\"item_meta[7]\" value=\"\"  data-reqmsg=\"Nom de famille cannot be blank.\" aria-required=\"true\" data-invmsg=\"Last is invalid\" aria-invalid=\"false\"   \/>\r\n    \r\n    \r\n<\/div>\n<div id=\"frm_field_8_container\" class=\"frm_form_field form-field  frm_required_field frm_top_container frm_full\">\r\n    <label for=\"field_29yf4d41bfd5ef28\" id=\"field_29yf4d41bfd5ef28_label\" class=\"frm_primary_label\">Courriel\r\n        <span class=\"frm_required\">*<\/span>\r\n    <\/label>\r\n    <input type=\"email\" id=\"field_29yf4d41bfd5ef28\" name=\"item_meta[8]\" value=\"\"  data-reqmsg=\"Courriel cannot be blank.\" aria-required=\"true\" data-invmsg=\"Please enter a valid email address\" aria-invalid=\"false\"  \/>\r\n    \r\n    \r\n<\/div>\n<div id=\"frm_field_9_container\" class=\"frm_form_field form-field  frm_required_field frm_top_container frm_full\">\r\n    <label for=\"field_e6lis6ec602f309c\" id=\"field_e6lis6ec602f309c_label\" class=\"frm_primary_label\">Sujet\r\n        <span class=\"frm_required\">*<\/span>\r\n    <\/label>\r\n    <input  type=\"text\" id=\"field_e6lis6ec602f309c\" name=\"item_meta[9]\" value=\"\"  data-reqmsg=\"Sujet cannot be blank.\" aria-required=\"true\" data-invmsg=\"Subject is invalid\" aria-invalid=\"false\"   \/>\r\n    \r\n    \r\n<\/div>\n<div id=\"frm_field_10_container\" class=\"frm_form_field form-field  frm_required_field frm_inline_container horizontal_radio frm_other_container\">\r\n    <div  id=\"field_xz5sn_label\" class=\"frm_primary_label\">Type\r\n        <span class=\"frm_required\" aria-hidden=\"true\">*<\/span>\r\n    <\/div>\r\n    <div class=\"frm_opt_container\" aria-labelledby=\"field_xz5sn_label\" role=\"group\">\t\t<div class=\"frm_checkbox\" id=\"frm_checkbox_10-0\">\t\t\t<label  for=\"field_xz5sn-0\">\n\t\t\t<input type=\"checkbox\" name=\"item_meta[10][]\" id=\"field_xz5sn-0\" value=\"Agent de pr\u00e9servation de bois\"  data-reqmsg=\"Type cannot be blank.\" data-invmsg=\"Type is invalid\" aria-invalid=\"false\"   aria-required=\"true\"  \/> Agent de pr\u00e9servation de bois<\/label><\/div>\n\t\t<div class=\"frm_checkbox\" id=\"frm_checkbox_10-1\">\t\t\t<label  for=\"field_xz5sn-1\">\n\t\t\t<input type=\"checkbox\" name=\"item_meta[10][]\" id=\"field_xz5sn-1\" value=\"Scellant\"  data-reqmsg=\"Type cannot be blank.\" data-invmsg=\"Type is invalid\" aria-invalid=\"false\"   \/> Scellant<\/label><\/div>\n\t\t<div class=\"frm_checkbox\" id=\"frm_checkbox_10-other_2\">\t\t\t<label  for=\"field_xz5sn-other_2\">\n\t\t\t<input type=\"checkbox\" name=\"item_meta[10][other_2]\" id=\"field_xz5sn-other_2\" value=\"Autre\"  data-reqmsg=\"Type cannot be blank.\" data-invmsg=\"Type is invalid\" aria-invalid=\"false\"   \/> Autre<\/label><label for=\"field_xz5sn-other_2-otext\" class=\"frm_screen_reader frm_hidden\">Autre<\/label><input type=\"text\" id=\"field_xz5sn-other_2-otext\" class=\"frm_other_input frm_pos_none\"  name=\"item_meta[other][10][other_2]\" value=\"\" \/><\/div>\n<\/div>\r\n    \r\n    \r\n<\/div>\n<div id=\"frm_field_11_container\" class=\"frm_form_field form-field  frm_required_field frm_top_container frm_full\">\r\n    <label for=\"field_9jv0r1e5b11b30ef\" id=\"field_9jv0r1e5b11b30ef_label\" class=\"frm_primary_label\">Message\r\n        <span class=\"frm_required\">*<\/span>\r\n    <\/label>\r\n    <textarea name=\"item_meta[11]\" id=\"field_9jv0r1e5b11b30ef\" rows=\"5\"  data-reqmsg=\"Message cannot be blank.\" aria-required=\"true\" data-invmsg=\"Message is invalid\" aria-invalid=\"false\"  ><\/textarea>\r\n    \r\n    \r\n<\/div>\n<div id=\"frm_field_12_container\" class=\"frm_form_field form-field  frm_none_container\">\n    <label for=\"g-recaptcha-response\" id=\"field_s6gyy_label\" class=\"frm_primary_label\">reCAPTCHA\n        <span class=\"frm_required\" aria-hidden=\"true\"><\/span>\n    <\/label>\n    <div  id=\"field_s6gyy\" class=\"frm-g-recaptcha\" data-sitekey=\"6LcegnAcAAAAANo6pSlvUiX8r96hQednnqsmNouI\" data-size=\"normal\" data-theme=\"light\"><\/div>\n    \n    \n<\/div>\n\t<input type=\"hidden\" name=\"item_key\" value=\"\" \/>\n\t\t\t<div id=\"frm_field_13_container\">\n\t\t\t<label for=\"field_yjvck\" >\n\t\t\t\tIf you are human, leave this field blank.\t\t\t<\/label>\n\t\t\t<input  id=\"field_yjvck\" type=\"text\" class=\"frm_form_field form-field frm_verify\" name=\"item_meta[13]\" value=\"\"  \/>\n\t\t<\/div>\n\t\t<input name=\"frm_state\" type=\"hidden\" value=\"8j9tX2nrdAAfy8EiGBunW4ikJ7FhO4Vd5ucJ3eoP58zL1J3YcnMsORzvygA6pon5\" \/><div class=\"frm_submit\">\r\n\r\n<button class=\"frm_button_submit frm_final_submit\" type=\"submit\"   formnovalidate=\"formnovalidate\">Soumettre<\/button>\r\n\r\n<\/div><\/div>\n<\/fieldset>\n<\/div>\n\n<\/form>\n<\/div>\n\n<\/div><\/div>\n\n\n\n<div class=\"wp-block-group alignwide cta\"><div class=\"wp-block-group__inner-container is-layout-flow wp-block-group-is-layout-flow\">\n<div class=\"wp-block-columns reverse-mobile is-layout-flex wp-container-core-columns-is-layout-9d6595d7 wp-block-columns-is-layout-flex\">\n<div class=\"wp-block-column is-vertically-aligned-center is-layout-flow wp-block-column-is-layout-flow\">\n<h3 class=\"wp-block-heading\">PRODUIT ABANDONN\u00c9<\/h3>\n\n\n\n<p><strong>La formulation originale du scellant Cut-N-Seal sera disponible jusqu\u2019\u00e0 \u00e9puisement des stocks.&nbsp;Pour obtenir plus de renseignements \u00e0 propos de l\u2019agent de pr\u00e9servation de bois Cut-N-Seal, cliquez-ici<\/strong><\/p>\n\n\n\n<div class=\"wp-block-image\"><figure class=\"alignright size-full is-resized\"><a href=\"https:\/\/cut-n-seal.com\/fr\/agent-de-preservation-de-bois\/\"><img loading=\"lazy\" decoding=\"async\" src=\"https:\/\/cut-n-seal.com\/wp-content\/uploads\/2021\/09\/Arrow.png\" alt=\"\" class=\"wp-image-399\" width=\"69\" height=\"13\"\/><\/a><\/figure><\/div>\n<\/div>\n\n\n\n<div class=\"wp-block-column is-layout-flow wp-block-column-is-layout-flow\">\n<div class=\"wp-block-cover has-blue-background-color has-custom-content-position is-position-center-left\" style=\"min-height:294px;aspect-ratio:unset;\"><img decoding=\"async\" class=\"wp-block-cover__image-background wp-image-384\" alt=\"\" src=\"https:\/\/cut-n-seal.com\/wp-content\/uploads\/2021\/09\/Sealer-blur-image.png\" style=\"object-position:60% 100%\" data-object-fit=\"cover\" data-object-position=\"60% 100%\"\/><div class=\"wp-block-cover__inner-container is-layout-flow wp-block-cover-is-layout-flow\">\n<p class=\"has-text-align-left has-large-font-size\">AGENT DE PR\u00c9SERVATION DE BOIS<\/p>\n\n\n\n<figure class=\"wp-block-image size-full\"><a href=\"https:\/\/cut-n-seal.com\/fr\/agent-de-preservation-de-bois\/\"><img decoding=\"async\" src=\"https:\/\/cut-n-seal.com\/wp-content\/uploads\/2021\/09\/cns-sealer.png\" alt=\"\" class=\"wp-image-429\"\/><\/a><\/figure>\n<\/div><\/div>\n<\/div>\n<\/div>\n<\/div><\/div>\n","protected":false},"excerpt":{"rendered":"<p>Information du produit Cut-N-SealMD&nbsp;est un scellant et hydrofugeant \u00e0 appliquer au pinceau pour coupes et trous dans du bois trait\u00e9 sous pression qui exposent des parties non trait\u00e9es au-dessus du niveau du sol sur des planches de platelage, garde-corps, dessus de poteaux et planches de cl\u00f4ture. PRODUIT ABANDONN\u00c9 La formulation originale du scellant Cut-N-Seal sera&#8230; <a class=\"read-more\" href=\"https:\/\/cut-n-seal.com\/fr\/scellant\/\">Read More<\/a><\/p>\n","protected":false},"author":2,"featured_media":0,"parent":0,"menu_order":0,"comment_status":"closed","ping_status":"closed","template":"","meta":{"_acf_changed":false,"footnotes":""},"class_list":["post-143","page","type-page","status-publish","hentry"],"acf":[],"_links":{"self":[{"href":"https:\/\/cut-n-seal.com\/fr\/wp-json\/wp\/v2\/pages\/143","targetHints":{"allow":["GET"]}}],"collection":[{"href":"https:\/\/cut-n-seal.com\/fr\/wp-json\/wp\/v2\/pages"}],"about":[{"href":"https:\/\/cut-n-seal.com\/fr\/wp-json\/wp\/v2\/types\/page"}],"author":[{"embeddable":true,"href":"https:\/\/cut-n-seal.com\/fr\/wp-json\/wp\/v2\/users\/2"}],"replies":[{"embeddable":true,"href":"https:\/\/cut-n-seal.com\/fr\/wp-json\/wp\/v2\/comments?post=143"}],"version-history":[{"count":30,"href":"https:\/\/cut-n-seal.com\/fr\/wp-json\/wp\/v2\/pages\/143\/revisions"}],"predecessor-version":[{"id":286,"href":"https:\/\/cut-n-seal.com\/fr\/wp-json\/wp\/v2\/pages\/143\/revisions\/286"}],"wp:attachment":[{"href":"https:\/\/cut-n-seal.com\/fr\/wp-json\/wp\/v2\/media?parent=143"}],"curies":[{"name":"wp","href":"https:\/\/api.w.org\/{rel}","templated":true}]}}